{"id":541,"date":"2022-01-13T22:28:00","date_gmt":"2022-01-13T22:28:00","guid":{"rendered":"http:\/\/walthercadplanung.ch\/?page_id=541"},"modified":"2022-02-22T14:52:33","modified_gmt":"2022-02-22T14:52:33","slug":"allgemeine-geschaftsbedingungen","status":"publish","type":"page","link":"https:\/\/walthercadplanung.ch\/?page_id=541","title":{"rendered":"AGB"},"content":{"rendered":"\t\t<div data-elementor-type=\"wp-page\" data-elementor-id=\"541\" class=\"elementor elementor-541\" data-elementor-settings=\"[]\">\n\t\t\t\t\t\t\t<div class=\"elementor-section-wrap\">\n\t\t\t\t\t\t\t<section class=\"elementor-section elementor-top-section elementor-element elementor-element-7ef6e613 elementor-section-boxed elementor-section-height-default elementor-section-height-default\" data-id=\"7ef6e613\" data-element_type=\"section\">\n\t\t\t\t\t\t<div class=\"elementor-container elementor-column-gap-default\">\n\t\t\t\t\t<div class=\"elementor-column elementor-col-100 elementor-top-column elementor-element elementor-element-41e4fac5\" data-id=\"41e4fac5\" data-element_type=\"column\">\n\t\t\t<div class=\"elementor-widget-wrap elementor-element-populated\">\n\t\t\t\t\t\t\t\t<div class=\"elementor-element elementor-element-1d589a0e elementor-widget elementor-widget-text-editor\" data-id=\"1d589a0e\" data-element_type=\"widget\" data-widget_type=\"text-editor.default\">\n\t\t\t\t<div class=\"elementor-widget-container\">\n\t\t\t<style>\/*! elementor - v3.5.5 - 03-02-2022 *\/\n.elementor-widget-text-editor.elementor-drop-cap-view-stacked .elementor-drop-cap{background-color:#818a91;color:#fff}.elementor-widget-text-editor.elementor-drop-cap-view-framed .elementor-drop-cap{color:#818a91;border:3px solid;background-color:transparent}.elementor-widget-text-editor:not(.elementor-drop-cap-view-default) .elementor-drop-cap{margin-top:8px}.elementor-widget-text-editor:not(.elementor-drop-cap-view-default) .elementor-drop-cap-letter{width:1em;height:1em}.elementor-widget-text-editor .elementor-drop-cap{float:left;text-align:center;line-height:1;font-size:50px}.elementor-widget-text-editor .elementor-drop-cap-letter{display:inline-block}<\/style>\t\t\t\t<h1><strong>Allgemeine Gesch\u00e4ftsbedingungen<\/strong><\/h1><p><strong>1 \u00a0\u00a0\u00a0\u00a0\u00a0\u00a0\u00a0\u00a0 GEGENSTAND <\/strong><\/p><p>Der Gegenstand der Offerte ist in der objektbezogenen Offerte umschrieben. Grundlage bilden die sich zum Zeitpunkt der Offerte im Besitze von WALTHER CAD PLANUNG befindlichen Architekten-Unterlagen, Pflichtenhefte und weiteren Vorgaben des Auftraggebers ( ATG ).\u00a0<\/p><p><strong>2 \u00a0\u00a0\u00a0\u00a0\u00a0\u00a0\u00a0\u00a0 AUFGABEN <\/strong><\/p><p>M\u00f6glicher Umfang der Aufgaben gem\u00e4ss nachfolgender Auflistung:<\/p><p>Erstellen von Prinzip- und Konzeptskizzen resp. -Zeichnungen nach Massgabe AUFTRAGGEBERS und Einholung der Zustimmung des AUFTRAGGEBERS.<\/p><p>Eine Besprechung mit Massaufnahme auf der Baustelle. Erstellen der Genehmigungs- \/ Visumspl\u00e4ne. Nach erfolgter Einsicht \/ Genehmigung durch Architekt oder Bauleitung wird eine 1-malige Vornahme von Korrekturen und Anpassungen \/ Erg\u00e4nzungen innerhalb der Massgabe des AUFTRAGGEBERS vorgenommen ( keine Konzept-\u00c4nderungen ). Erstellen der Ansichten mit Schnitt- und Koteneintragung. Erstellen der notwendigen Detailschnitte horizontal und vertikal. Erstellen der notwendigen Produktionspl\u00e4ne. Montagepl\u00e4ne mit Positionierungen und Koteneintragungen. Erstellen der St\u00fccklisten aller im Auftrag enthaltener Bestandteile, exkl. Systemprofil-Elemente und \u2013Konstruktionen mit allem Zubeh\u00f6r, Beschl\u00e4ge, Gl\u00e4ser usw. Erstellen der Blech- und Paneelausz\u00fcge resp. -Pl\u00e4ne exklusive Abwicklungen. Erstellen der notwendigen Ausz\u00fcge resp. Pl\u00e4ne f\u00fcr die Unterkonstruktion. Der zu erbringende Umfang durch WALTHER CAD PLANUNG ist in der objektbezogenen Offerte detailliert aufgelistet.\u00a0<\/p><p><strong>3 \u00a0\u00a0\u00a0\u00a0\u00a0\u00a0\u00a0\u00a0 QUALIT\u00c4T DER KONSTRUKTION <\/strong><\/p><p>Die gesamte Konstruktion wird nach Vorgabe des AUFTRAGGEBERS gestaltet.<\/p><p>Dieser definiert dabei auch die genaue Qualit\u00e4t zu den zu verwendeten Materialien, z.B. Bleche, Profile, Gl\u00e4ser usw. Weitere Planungsunterlagen werden unter Ber\u00fccksichtigung der technischen und \u00a0\u00a0\u00a0\u00a0\u00a0\u00a0\u00a0\u00a0\u00a0\u00a0\u00a0 bauphysikalischen Anforderungen sowie unter Einhaltung und Ber\u00fccksichtigung aller relevanten SIA-Normen, SZFF-, SMU, EMPA- und weiteren fachtechnischen Richtlinien erstellt. Die Konstruktion wird so gestaltet, dass sie den Vertragsbedingungen des AUFTRAGGEBERS mit dem Bauherrn entspricht.<\/p><p><strong>4 \u00a0\u00a0\u00a0\u00a0\u00a0\u00a0\u00a0\u00a0 HAFTUNG <\/strong><\/p><p>Der AUFTRAGGEBER kann Schadenersatzanspr\u00fcche gegen WALTHER CAD PLANUNG geltend machen, sofern diese in ihren Pl\u00e4nen die Anforderungen allgemein anerkannten Regeln der Baukunst schuldhaft verletzt und dadurch Sch\u00e4den verursacht hat. WALTHER CAD PLANUNG haftet bez\u00fcglich Masse und Ausz\u00fcge gem\u00e4ss den von ihr abgegebenen Unterlagen. Im Schadenfall hat der AUFTRAGGEBER sofort und schriftlich Mitteilung zu machen, damit eine allf\u00e4llige Schadenbegrenzung umgehend m\u00f6glich wird und gleichzeitig der Umfang bzw. die Schadenkosten ersichtlich sind. Versp\u00e4tete Meldungen oder Abz\u00fcge, die erst bei der Schlussabrechnung geltend gemacht werden, k\u00f6nnen unter keinen Umst\u00e4nden akzeptiert werden. Bei \u00dcbergabe der Daten von WALTHER CAD PLANUNG wird keine Haftung \u00fcbernommen.<\/p><p><strong>5 \u00a0\u00a0\u00a0\u00a0\u00a0\u00a0\u00a0\u00a0 VERANTWORTUNG \/ KOMPETENZ <\/strong><\/p><p>WALTHER CAD PLANUNG handelt im Namen des AUFTRAGGEBERS und garantiert eine optimale Vertretung der Interessen beim Bauherrn. WALTHER CAD PLANUNG ist f\u00fcr eine termin-, kostengerechte und technische einwandfreie Abwicklung des Auftrages im planerischen Bereich besorgt.<\/p><p>Alle rechtlichen Unterlagen und Dokumente sind durch den AUFTRAGGEBER zu unterzeichnen. WALTHER CAD PLANUNG verpflichtet sich, den AUFTRAGGEBER unverz\u00fcglich \u00fcber allf\u00e4llige Probleme zu informieren. Der ATG verpflichtet sich die Interessen der RWC gegen\u00fcber seinem Auftraggeber in allen Bereichen zu vertreten. Dies gilt im Besonderen f\u00fcr Forderungen der RWC, die vom ATG an Bauherrn, Architekt, Bauleitung oder anderen Unternehmern zu verrechnen sind. Der ATG haftet gegen\u00fcber der RWC f\u00fcr nicht vertretene \/ weitergeleitete Forderungen.<\/p><p><strong>6 \u00a0\u00a0\u00a0\u00a0\u00a0\u00a0\u00a0\u00a0 NEBENKOSTEN \/ LAYOUT \/ PLANKOPIEN \/ DATENFORMAT <\/strong><\/p><p>Alle Pl\u00e4ne werden grunds\u00e4tzlich in digitaler Form \u00fcbergeben, schwarz-weiss im Format A4 oder A3 als PDF erstellt. Die ben\u00f6tigten Kopien in Papierform erstellt der AUFTRAGGEBER selber. Werden bearbeitbare Dateien gew\u00fcnscht, so werden diese nach dem aktuellen Standard RWC erstellt \/ geliefert (.dwg, .dxf, .xls). Anpassungen von Dateiformat, Layer, Datentr\u00e4ger, Software usw. werden nach Aufwand verrechnet. WALTHER CAD PLANUNG erstellt die Pl\u00e4ne \/ Dateien sorgf\u00e4ltig in EDV- und CAD-technischer Hinsicht. Eine allf\u00e4llige Haftung \/ Verantwortung bez\u00fcglich Ben\u00fctzung dieser EDV- und CAD-Dateien wird aber nicht \u00fcbernommen.\u00a0<\/p><p><strong>7 \u00a0\u00a0\u00a0\u00a0\u00a0\u00a0\u00a0\u00a0 VERSICHERUNG <\/strong><\/p><p>WALTHER CAD PLANUNG verf\u00fcgt \u00fcber eine Berufshaftpflicht-Versicherung.<\/p><p><strong>8 \u00a0\u00a0\u00a0\u00a0\u00a0\u00a0\u00a0\u00a0 ABWICKLUNG <\/strong><\/p><p>Die gesamte Korrespondenz in Bezug auf Planung zwischen dem AUFTRAGGEBER und Bauherrn ( oder dessen Vertreter ) erfolgt durch den AUFTRAGGEBER in Abstimmung mit WALTHER CAD PLANUNG. S\u00e4mtliche Materialeink\u00e4ufe sowie die daf\u00fcr erforderlichen Dispositionen, Zusammenz\u00fcge und Offertanfragen sind Sache des AUFTRAGGEBERS.<\/p><p><strong>9 \u00a0\u00a0\u00a0\u00a0\u00a0\u00a0\u00a0\u00a0 R\u00dcCKGABE DER UNTERLAGEN \/ EIGENTUM DER \u00a0\u00a0\u00a0\u00a0 PLANUNGSUNTERLAGEN <\/strong><\/p><p>Die von WALTHER CAD PLANUNG erstellten Unterlagen sowie Datentr\u00e4ger gehen in Eigentum des AUFTRAGGEBERS \u00fcber. WALTHER CAD PLANUNG verpflichtet sich, am Ende des Auftrages alle Unterlagen an den AUFTRAGGEBER auszuh\u00e4ndigen, sofern WALTHER CAD PLANUNG vom AUFTRAGGEBER per Saldo aller Anspr\u00fcche abgegolten und von allen Garantie-Verbindlichkeiten enthoben worden ist. Form der Daten\u00fcbergabe gem\u00e4ss Pkt. 6. WALTHER CAD PLANUNG hat das Recht seine Leistungen ohne Vorbehalt \u00f6ffentlich zu publizieren.\u00a0<\/p><p><strong>10 \u00a0\u00a0\u00a0\u00a0\u00a0\u00a0 AUFTRAGSSUMME \/ HONORAR <\/strong><\/p><p>Das Honorar enth\u00e4lt alle Kosten inkl. Spesen, exkl. Logis, innerhalb der Schweiz. vorbeh\u00e4ltlich der Spezifikationen in der objektbezogenen Offerte und dem Kapitel 13 ( Nicht inbegriffene Leistungen ). Planerische Mehraufwendungen, die \u00fcber den offerierten Leistungsumfang hinausgehen, werden nur dann ausgef\u00fchrt, wenn sie vom AUFTRAGGEBER zus\u00e4tzlich und schriftlich in Auftrag gegeben werden. F\u00fcr solche Mehraufwendungen und sonstige Zusatz-Arbeiten verrechnet WALTHER CAD PLANUNG einen Stundensatz gem\u00e4ss objektbezogener Offerte, zuz\u00fcglich ausgewiesener Spesen- und Kilometerentsch\u00e4digung. Das Honorar f\u00fcr die vereinbarten Arbeiten gem\u00e4ss \u201eAufgaben\u201c im Zusammenhang mit dem betreffenden Objekt ist in der objektbezogenen Offerte aufgef\u00fchrt. Weitergehende Arbeiten erfolgen mit Verrechnung im Aufwand. Die gesetzliche Mehrwertsteuer ( MwSt ) ist in unseren Preisen nicht enthalten und wird auch nicht verrechnet, da wir Mehrwertsteuerfrei sind. Die Teuerung gem\u00e4ss LGAV wird verrechnet.<\/p><p><strong>11 \u00a0\u00a0\u00a0\u00a0\u00a0\u00a0 ZAHLUNGEN <\/strong><\/p><p>Zahlungen vom ATG erfolgen spesenfrei, in CHF und ohne jegliche Abz\u00fcge.<\/p><p>Die 1. Akonto-Zahlung ist bei Bestellung f\u00e4llig. Sie betr\u00e4gt im Minimum 20% der Vertragssumme. Teilzahlungen gem\u00e4ss Arbeitsfortschritt bis zu 90% des Auftragsvolumens, ohne jegliche Abz\u00fcge. 10% bei Schlussrechnung ( nach Ablieferung der letzten Fabrikationsunterlagen von WALTHER CAD PLANUNG ), rein netto. Zahlungstermine: Akonto-Zahlungen innert 30 Tagen, Schlussrechnung innert 30 Tagen. Im Falle eines Zahlungsverzuges des Auftraggebers von mehr als 14 Tagen trotz schriftlicher Mahnung durch die WALTHER CAD PLANUNG steht der letzteren das Recht zu, die laufenden Arbeiten ohne Schadenersatzfolge f\u00fcr so lange zu unterbrechen, als der Zahlungsverzug andauert.<\/p><p><strong>12 \u00a0\u00a0\u00a0\u00a0\u00a0\u00a0 TERMINE <\/strong><\/p><p>Die Termine werden bei Vertragsabschluss vereinbart.<\/p><p>Verz\u00f6gerte Lieferung eingeforderter Detail-Grundlagen oder Kontroll-Pl\u00e4nen von Seiten Architekt, Bauleitung, AUFTRAGGEBER usw. haben entsprechende terminliche Verschiebungen zur Folge. Nachtr\u00e4gliche \u00c4nderungen der visierten Plangrundlagen oder des Lieferumfanges haben terminliche Verz\u00f6gerungen zur Folge, entsprechend dem Zeitaufwand f\u00fcr diese \u00c4nderungen. Nicht visierte Bestellungen \/ Auftragsbest\u00e4tigungen \/ Nachtr\u00e4ge f\u00fcr Zusatz-Arbeiten usw. k\u00f6nnen terminliche Verz\u00f6gerungen auf den Gesamtauftrag zur Folge haben. Forderungen des ATG in jeglicher Art, bezogen auf oben genannte Punkte ( 12.2 ff ), werden unter keinen Umst\u00e4nden akzeptiert. G\u00fcltigkeit der Offerte 30 Tage.\u00a0<\/p><p><strong>13 \u00a0\u00a0\u00a0\u00a0\u00a0\u00a0 NICHT INBEGRIFFENE LEISTUNGEN <\/strong><\/p><p>Falls in der objektbezogenen Offerte nicht speziell aufgef\u00fchrt, sind folgende Leistungen nicht enthalten:<\/p><ul><li>Sitzungen mit Architekt, Bauleitung, Bauherr etc.<\/li><li>Besichtigungen von bestehenden Objekten oder Werksbesichtigungen f\u00fcr die Wahl von Formen, Farben, Material oder \u00e4hnlichem.<\/li><li>Mass-Aufnahmen am Bau.<\/li><li>Werkstatt- und Baubesuche.<\/li><li>Statische Berechnungen.<\/li><li>Abkl\u00e4rungen \u00fcber nicht im Devis definierten Materialien.<\/li><li>Aufwendungen im Zusammenhang mit Material- und Transportdispositionen.<\/li><li>Zuschnitt-Optimierungen.<\/li><li>Revisionsplanung nach Ausf\u00fchrung \/ Montage.<\/li><\/ul>\t\t\t\t\t\t<\/div>\n\t\t\t\t<\/div>\n\t\t\t\t\t<\/div>\n\t\t<\/div>\n\t\t\t\t\t\t\t<\/div>\n\t\t<\/section>\n\t\t\t\t\t\t<\/div>\n\t\t\t\t\t<\/div>\n\t\t","protected":false},"excerpt":{"rendered":"<p>Allgemeine Gesch\u00e4ftsbedingungen 1 \u00a0\u00a0\u00a0\u00a0\u00a0\u00a0\u00a0\u00a0 GEGENSTAND Der Gegenstand der Offerte ist in der objektbezogenen Offerte umschrieben. Grundlage bilden die sich zum Zeitpunkt der Offerte im Besitze von WALTHER CAD PLANUNG befindlichen Architekten-Unterlagen, Pflichtenhefte und weiteren Vorgaben des Auftraggebers ( ATG ).\u00a0 2 \u00a0\u00a0\u00a0\u00a0\u00a0\u00a0\u00a0\u00a0 AUFGABEN M\u00f6glicher Umfang der Aufgaben gem\u00e4ss nachfolgender Auflistung: Erstellen von Prinzip- und Konzeptskizzen [&hellip;]<\/p>\n","protected":false},"author":1,"featured_media":0,"parent":0,"menu_order":0,"comment_status":"closed","ping_status":"closed","template":"","meta":[],"_links":{"self":[{"href":"https:\/\/walthercadplanung.ch\/index.php?rest_route=\/wp\/v2\/pages\/541"}],"collection":[{"href":"https:\/\/walthercadplanung.ch\/index.php?rest_route=\/wp\/v2\/pages"}],"about":[{"href":"https:\/\/walthercadplanung.ch\/index.php?rest_route=\/wp\/v2\/types\/page"}],"author":[{"embeddable":true,"href":"https:\/\/walthercadplanung.ch\/index.php?rest_route=\/wp\/v2\/users\/1"}],"replies":[{"embeddable":true,"href":"https:\/\/walthercadplanung.ch\/index.php?rest_route=%2Fwp%2Fv2%2Fcomments&post=541"}],"version-history":[{"count":11,"href":"https:\/\/walthercadplanung.ch\/index.php?rest_route=\/wp\/v2\/pages\/541\/revisions"}],"predecessor-version":[{"id":989,"href":"https:\/\/walthercadplanung.ch\/index.php?rest_route=\/wp\/v2\/pages\/541\/revisions\/989"}],"wp:attachment":[{"href":"https:\/\/walthercadplanung.ch\/index.php?rest_route=%2Fwp%2Fv2%2Fmedia&parent=541"}],"curies":[{"name":"wp","href":"https:\/\/api.w.org\/{rel}","templated":true}]}}